{"id":131,"date":"2017-05-17T12:06:10","date_gmt":"2017-05-17T10:06:10","guid":{"rendered":"http:\/\/www.observatoiredelasatisfaction.com\/?page_id=131"},"modified":"2019-03-19T16:15:04","modified_gmt":"2019-03-19T15:15:04","slug":"revue-de-presse","status":"publish","type":"page","link":"http:\/\/www.observatoiredelasatisfaction.com\/index.php\/revue-de-presse\/","title":{"rendered":"Revue de presse"},"content":{"rendered":"<p><a href=\"https:\/\/www.facebook.com\/observatoiredelasatisfaction\/photos\/a.586186151420289.1073741830.280935248612049\/1390034074368822\/?type=3&amp;theater\"><br \/>\n<img loading=\"lazy\" decoding=\"async\" class=\"alignleft wp-image-133 size-medium\" src=\"http:\/\/www.observatoiredelasatisfaction.com\/wp-content\/uploads\/2017\/05\/Ballerina-1-page-LAL-212x300.jpg\" alt=\"\" width=\"212\" height=\"300\" srcset=\"http:\/\/www.observatoiredelasatisfaction.com\/wp-content\/uploads\/2017\/05\/Ballerina-1-page-LAL-212x300.jpg 212w, http:\/\/www.observatoiredelasatisfaction.com\/wp-content\/uploads\/2017\/05\/Ballerina-1-page-LAL-768x1086.jpg 768w, http:\/\/www.observatoiredelasatisfaction.com\/wp-content\/uploads\/2017\/05\/Ballerina-1-page-LAL-724x1024.jpg 724w\" sizes=\"(max-width: 212px) 100vw, 212px\" \/><\/a><a href=\"https:\/\/www.facebook.com\/sndfilms\/photos\/a.261478540525.314225.188883155525\/10159226768380526\/?type=3&amp;theater\"><img loading=\"lazy\" decoding=\"async\" class=\"alignright wp-image-159 size-medium\" src=\"http:\/\/www.observatoiredelasatisfaction.com\/wp-content\/uploads\/2017\/09\/21752321_10159226768380526_9179217925151067563_n-2-240x300.jpg\" alt=\"\" width=\"240\" height=\"300\" srcset=\"http:\/\/www.observatoiredelasatisfaction.com\/wp-content\/uploads\/2017\/09\/21752321_10159226768380526_9179217925151067563_n-2-240x300.jpg 240w, http:\/\/www.observatoiredelasatisfaction.com\/wp-content\/uploads\/2017\/09\/21752321_10159226768380526_9179217925151067563_n-2.jpg 768w\" sizes=\"(max-width: 240px) 100vw, 240px\" \/><\/a><\/p>\n<p><a href=\"https:\/\/www.facebook.com\/STUDIOCANALFamille\/photos\/a.1897637550457953.1073741827.1897636407124734\/2083208505234189\/?type=3&amp;theater\"><img loading=\"lazy\" decoding=\"async\" class=\"alignnone size-large wp-image-193\" src=\"http:\/\/www.observatoiredelasatisfaction.com\/wp-content\/uploads\/2017\/05\/LECOLE-BUISSONNIERE_PARISIEN_DEMI_254x165_v3_T300_1.3-4-1024x665.jpg\" alt=\"\" width=\"604\" height=\"392\" srcset=\"http:\/\/www.observatoiredelasatisfaction.com\/wp-content\/uploads\/2017\/05\/LECOLE-BUISSONNIERE_PARISIEN_DEMI_254x165_v3_T300_1.3-4-1024x665.jpg 1024w, http:\/\/www.observatoiredelasatisfaction.com\/wp-content\/uploads\/2017\/05\/LECOLE-BUISSONNIERE_PARISIEN_DEMI_254x165_v3_T300_1.3-4-300x195.jpg 300w, http:\/\/www.observatoiredelasatisfaction.com\/wp-content\/uploads\/2017\/05\/LECOLE-BUISSONNIERE_PARISIEN_DEMI_254x165_v3_T300_1.3-4-768x499.jpg 768w\" sizes=\"(max-width: 604px) 100vw, 604px\" \/><\/a><\/p>\n<div id=\"fb-root\"><\/div>\n<p><script async=\"1\" defer=\"1\" crossorigin=\"anonymous\" src=\"https:\/\/connect.facebook.net\/fr_FR\/sdk.js#xfbml=1&amp;version=v3.2\"><\/script><\/p>\n<div class=\"fb-video\" data-href=\"https:\/\/www.facebook.com\/eclaircolorFR\/videos\/983307191824972\/\" data-width=\"604\">\n<blockquote cite=\"https:\/\/www.facebook.com\/eclaircolorFR\/videos\/983307191824972\/\" class=\"fb-xfbml-parse-ignore\"><p><a href=\"https:\/\/www.facebook.com\/eclaircolorFR\/videos\/983307191824972\/\">T\u00e9moignages de spectateurs : La diff\u00e9rence EclairColor<\/a><\/p>\n<p>En septembre 2017, une enqu\u00eate de perception r\u00e9alis\u00e9e en France par un organisme ind\u00e9pendant, Observatoire de la satisfaction, aupr\u00e8s de v\u00e9ritables spectateurs du film \u00ab Seven Sisters \u00bb en #EclairColor HDR, d\u00e9voile un taux de #satisfaction de 96,7% parmi les spectateurs. D\u00e9couvrez comment EclairColor am\u00e9liore consid\u00e9rablement la qualit\u00e9 de projection pour une exp\u00e9rience cin\u00e9ma unique, gr\u00e2ce aux t\u00e9moignages de v\u00e9ritables spectateurs. #plusdemotions #plusdecouleurs #plusdecontraste #lesfilmseneclaircolor #lanouvelleimagecinema<\/p>\n<p>Publi\u00e9e par <a href=\"https:\/\/www.facebook.com\/eclaircolorFR\/\">EclairColor<\/a> sur Jeudi 19 octobre 2017<\/p><\/blockquote>\n<\/div>\n<p><a href=\"https:\/\/www.facebook.com\/pathefilms\/photos\/a.10150502922259289.425345.86640179288\/10155897040339289\/?type=3&amp;theater\"><img loading=\"lazy\" decoding=\"async\" class=\"alignnone wp-image-197 size-large\" src=\"http:\/\/www.observatoiredelasatisfaction.com\/wp-content\/uploads\/2017\/05\/reseaux_citations-1024x1024.jpg\" alt=\"\" width=\"604\" height=\"604\" srcset=\"http:\/\/www.observatoiredelasatisfaction.com\/wp-content\/uploads\/2017\/05\/reseaux_citations-1024x1024.jpg 1024w, http:\/\/www.observatoiredelasatisfaction.com\/wp-content\/uploads\/2017\/05\/reseaux_citations-150x150.jpg 150w, http:\/\/www.observatoiredelasatisfaction.com\/wp-content\/uploads\/2017\/05\/reseaux_citations-300x300.jpg 300w, http:\/\/www.observatoiredelasatisfaction.com\/wp-content\/uploads\/2017\/05\/reseaux_citations-768x768.jpg 768w, http:\/\/www.observatoiredelasatisfaction.com\/wp-content\/uploads\/2017\/05\/reseaux_citations.jpg 1080w\" sizes=\"(max-width: 604px) 100vw, 604px\" \/><\/a><\/p>\n<p><a href=\"https:\/\/www.facebook.com\/wildbunchdistribution\/photos\/a.392170361178.177136.209724821178\/10155058754141179\/?type=3&amp;theater\"><img loading=\"lazy\" decoding=\"async\" class=\"alignnone size-full wp-image-201\" src=\"http:\/\/www.observatoiredelasatisfaction.com\/wp-content\/uploads\/2017\/05\/24296384_10155058754141179_273989693376884075_n.jpg\" alt=\"\" width=\"800\" height=\"800\" srcset=\"http:\/\/www.observatoiredelasatisfaction.com\/wp-content\/uploads\/2017\/05\/24296384_10155058754141179_273989693376884075_n.jpg 800w, http:\/\/www.observatoiredelasatisfaction.com\/wp-content\/uploads\/2017\/05\/24296384_10155058754141179_273989693376884075_n-150x150.jpg 150w, http:\/\/www.observatoiredelasatisfaction.com\/wp-content\/uploads\/2017\/05\/24296384_10155058754141179_273989693376884075_n-300x300.jpg 300w, http:\/\/www.observatoiredelasatisfaction.com\/wp-content\/uploads\/2017\/05\/24296384_10155058754141179_273989693376884075_n-768x768.jpg 768w\" sizes=\"(max-width: 800px) 100vw, 800px\" \/><\/a><\/p>\n<p><a href=\"https:\/\/www.facebook.com\/disneyfrance\/photos\/a.396170087248.161844.211101977248\/10156048361167249\/?type=3&amp;theater\"><img loading=\"lazy\" decoding=\"async\" class=\"alignnone size-full wp-image-204\" src=\"http:\/\/www.observatoiredelasatisfaction.com\/wp-content\/uploads\/2017\/05\/24862083_10156048361167249_1939769949595884765_n-1.jpg\" alt=\"\" width=\"800\" height=\"800\" srcset=\"http:\/\/www.observatoiredelasatisfaction.com\/wp-content\/uploads\/2017\/05\/24862083_10156048361167249_1939769949595884765_n-1.jpg 800w, http:\/\/www.observatoiredelasatisfaction.com\/wp-content\/uploads\/2017\/05\/24862083_10156048361167249_1939769949595884765_n-1-150x150.jpg 150w, http:\/\/www.observatoiredelasatisfaction.com\/wp-content\/uploads\/2017\/05\/24862083_10156048361167249_1939769949595884765_n-1-300x300.jpg 300w, http:\/\/www.observatoiredelasatisfaction.com\/wp-content\/uploads\/2017\/05\/24862083_10156048361167249_1939769949595884765_n-1-768x768.jpg 768w\" sizes=\"(max-width: 800px) 100vw, 800px\" \/><\/a><\/p>\n","protected":false},"excerpt":{"rendered":"<p>T\u00e9moignages de spectateurs : La diff\u00e9rence EclairColor En septembre 2017, une enqu\u00eate de perception r\u00e9alis\u00e9e en France par un organisme ind\u00e9pendant, Observatoire de la satisfaction, aupr\u00e8s de v\u00e9ritables spectateurs du film \u00ab Seven Sisters \u00bb en #EclairColor HDR, d\u00e9voile un taux de #satisfaction de 96,7% parmi les spectateurs. D\u00e9couvrez comment EclairColor am\u00e9liore consid\u00e9rablement la qualit\u00e9 &hellip; <a href=\"http:\/\/www.observatoiredelasatisfaction.com\/index.php\/revue-de-presse\/\" class=\"more-link\">Continuer la lecture de <span class=\"screen-reader-text\">Revue de presse<\/span> <span class=\"meta-nav\">&rarr;<\/span><\/a><\/p>\n","protected":false},"author":1,"featured_media":0,"parent":0,"menu_order":0,"comment_status":"closed","ping_status":"closed","template":"","meta":{"footnotes":""},"_links":{"self":[{"href":"http:\/\/www.observatoiredelasatisfaction.com\/index.php\/wp-json\/wp\/v2\/pages\/131"}],"collection":[{"href":"http:\/\/www.observatoiredelasatisfaction.com\/index.php\/wp-json\/wp\/v2\/pages"}],"about":[{"href":"http:\/\/www.observatoiredelasatisfaction.com\/index.php\/wp-json\/wp\/v2\/types\/page"}],"author":[{"embeddable":true,"href":"http:\/\/www.observatoiredelasatisfaction.com\/index.php\/wp-json\/wp\/v2\/users\/1"}],"replies":[{"embeddable":true,"href":"http:\/\/www.observatoiredelasatisfaction.com\/index.php\/wp-json\/wp\/v2\/comments?post=131"}],"version-history":[{"count":13,"href":"http:\/\/www.observatoiredelasatisfaction.com\/index.php\/wp-json\/wp\/v2\/pages\/131\/revisions"}],"predecessor-version":[{"id":260,"href":"http:\/\/www.observatoiredelasatisfaction.com\/index.php\/wp-json\/wp\/v2\/pages\/131\/revisions\/260"}],"wp:attachment":[{"href":"http:\/\/www.observatoiredelasatisfaction.com\/index.php\/wp-json\/wp\/v2\/media?parent=131"}],"curies":[{"name":"wp","href":"https:\/\/api.w.org\/{rel}","templated":true}]}}