{"id":21,"date":"2017-04-29T19:58:46","date_gmt":"2017-04-29T17:58:46","guid":{"rendered":"http:\/\/observatoiredelasatisfaction.com\/?page_id=21"},"modified":"2023-11-29T14:25:32","modified_gmt":"2023-11-29T13:25:32","slug":"echo-du-public","status":"publish","type":"page","link":"http:\/\/www.observatoiredelasatisfaction.com\/index.php\/echo-du-public\/","title":{"rendered":"Echo du Public\u00ae"},"content":{"rendered":"<p>L\u2019Echo du Public\u00ae\u00a0est un barom\u00e8tre de r\u00e9f\u00e9rence de l\u2019avis des spectateurs sur les films cr\u00e9\u00e9 par l\u2019Observatoire de la satisfaction d\u00e9but 1997. La m\u00e9thode d\u2019enqu\u00eate, qui associe approches qualitative et \u00a0quantitative, est la m\u00eame depuis la cr\u00e9ation du barom\u00e8tre il y a plus de 25 ans (plus de 5000 films ont \u00e9t\u00e9 \u00e9tudi\u00e9s), ce qui en fait l\u2019indicateur de r\u00e9f\u00e9rence de l\u2019avis du public sur les films.<\/p>\n<p>L\u2019int\u00e9gralit\u00e9 de l&rsquo;Echo du Public\u00ae (historique + nouvelles enqu\u00eates hebdomadaires) est accessible uniquement sur abonnement sur le site\u00a0professionnel CBO, les modalit\u00e9s d\u2019abonnement \u00e9tant d\u00e9crites sur la page <a href=\"http:\/\/www.cbo-boxoffice.com\/echodupublic\" target=\"_blank\" rel=\"noopener noreferrer\">www.cbo-boxoffice.com\/echodupublic<\/a><\/p>\n<p>Pour toute demande particuli\u00e8re ou sp\u00e9cifique concernant\u00a0L&rsquo;Echo du Public\u00ae, n\u2019h\u00e9sitez pas \u00e0 nous contacter directement par mail (<a href=\"mailto:echodupublic@observatoiredelasatisfaction.com\">echodupublic@observatoiredelasatisfaction.com<\/a>)<\/p>\n<p><a href=\"http:\/\/www.facebook.com\/echodupublic\" target=\"_blank\" rel=\"noopener noreferrer\"><img loading=\"lazy\" decoding=\"async\" class=\"alignnone wp-image-50 size-medium\" src=\"http:\/\/www.observatoiredelasatisfaction.com\/wp-content\/uploads\/2017\/04\/extendend-300x113.png\" alt=\"\" width=\"300\" height=\"113\" srcset=\"http:\/\/www.observatoiredelasatisfaction.com\/wp-content\/uploads\/2017\/04\/extendend-300x113.png 300w, http:\/\/www.observatoiredelasatisfaction.com\/wp-content\/uploads\/2017\/04\/extendend-768x290.png 768w, http:\/\/www.observatoiredelasatisfaction.com\/wp-content\/uploads\/2017\/04\/extendend-1024x387.png 1024w\" sizes=\"(max-width: 300px) 100vw, 300px\" \/><\/a><\/p>\n","protected":false},"excerpt":{"rendered":"<p>L\u2019Echo du Public\u00ae\u00a0est un barom\u00e8tre de r\u00e9f\u00e9rence de l\u2019avis des spectateurs sur les films cr\u00e9\u00e9 par l\u2019Observatoire de la satisfaction d\u00e9but 1997. La m\u00e9thode d\u2019enqu\u00eate, qui associe approches qualitative et \u00a0quantitative, est la m\u00eame depuis la cr\u00e9ation du barom\u00e8tre il y a plus de 25 ans (plus de 5000 films ont \u00e9t\u00e9 \u00e9tudi\u00e9s), ce qui &hellip; <a href=\"http:\/\/www.observatoiredelasatisfaction.com\/index.php\/echo-du-public\/\" class=\"more-link\">Continuer la lecture de <span class=\"screen-reader-text\">Echo du Public\u00ae<\/span> <span class=\"meta-nav\">&rarr;<\/span><\/a><\/p>\n","protected":false},"author":1,"featured_media":0,"parent":0,"menu_order":1,"comment_status":"closed","ping_status":"closed","template":"","meta":{"footnotes":""},"_links":{"self":[{"href":"http:\/\/www.observatoiredelasatisfaction.com\/index.php\/wp-json\/wp\/v2\/pages\/21"}],"collection":[{"href":"http:\/\/www.observatoiredelasatisfaction.com\/index.php\/wp-json\/wp\/v2\/pages"}],"about":[{"href":"http:\/\/www.observatoiredelasatisfaction.com\/index.php\/wp-json\/wp\/v2\/types\/page"}],"author":[{"embeddable":true,"href":"http:\/\/www.observatoiredelasatisfaction.com\/index.php\/wp-json\/wp\/v2\/users\/1"}],"replies":[{"embeddable":true,"href":"http:\/\/www.observatoiredelasatisfaction.com\/index.php\/wp-json\/wp\/v2\/comments?post=21"}],"version-history":[{"count":16,"href":"http:\/\/www.observatoiredelasatisfaction.com\/index.php\/wp-json\/wp\/v2\/pages\/21\/revisions"}],"predecessor-version":[{"id":311,"href":"http:\/\/www.observatoiredelasatisfaction.com\/index.php\/wp-json\/wp\/v2\/pages\/21\/revisions\/311"}],"wp:attachment":[{"href":"http:\/\/www.observatoiredelasatisfaction.com\/index.php\/wp-json\/wp\/v2\/media?parent=21"}],"curies":[{"name":"wp","href":"https:\/\/api.w.org\/{rel}","templated":true}]}}