{"id":23,"date":"2017-04-29T19:59:06","date_gmt":"2017-04-29T17:59:06","guid":{"rendered":"http:\/\/observatoiredelasatisfaction.com\/?page_id=23"},"modified":"2023-12-01T15:49:15","modified_gmt":"2023-12-01T14:49:15","slug":"cinepanel","status":"publish","type":"page","link":"http:\/\/www.observatoiredelasatisfaction.com\/index.php\/cinepanel\/","title":{"rendered":"Tests marketing de films"},"content":{"rendered":"<p>Nous r\u00e9alisons depuis notre cr\u00e9ation des tests marketing (projection-test, test online mat\u00e9riel promotionnel, test online positionnement,\u2026) pour accompagner les producteurs et les distributeurs dans les lancements de leurs films.<\/p>\n<p>Depuis 2015, nous les mettons en \u0153uvre via\u00a0<a href=\"http:\/\/www.cinepanel.fr\" target=\"_blank\" rel=\"noopener noreferrer\">Cin\u00e9Panel\u00ae<\/a>, notre application propri\u00e9taire digitale d\u2019enqu\u00eates et d\u2019administration de questionnaires sur le cin\u00e9ma. Adoss\u00e9e \u00e0 un panel de plus de 15000 spectateurs r\u00e9sidant dans la France enti\u00e8re, <a href=\"http:\/\/www.cinepanel.fr\" target=\"_blank\" rel=\"noopener noreferrer\">Cin\u00e9Panel\u00ae<\/a>\u00a0peut \u00eatre mise en d\u00e9ploy\u00e9e aussi bien directement via le web (solution Cin\u00e9Panel online) que sur les mobiles et tablettes (solution Cin\u00e9Panel en salle).<\/p>\n<p>Pour toute demande d\u2019informations et de devis de nos tests marketing de films (projection-test, test online mat\u00e9riel promotionnel, test online positionnement,\u2026), n\u2019h\u00e9sitez pas \u00e0 nous solliciter directement par mail (<a href=\"mailto:obsat@observatoiredelasatisfaction.com\">obsat@observatoiredelasatisfaction.com<\/a>)<\/p>\n<p><a href=\"http:\/\/www.cinepanel.fr\" target=\"_blank\" rel=\"noopener noreferrer\"><img loading=\"lazy\" decoding=\"async\" class=\"alignnone wp-image-57 size-medium\" src=\"http:\/\/www.observatoiredelasatisfaction.com\/wp-content\/uploads\/2017\/04\/logo_cinepanel_header-300x56.png\" alt=\"\" width=\"300\" height=\"56\" srcset=\"http:\/\/www.observatoiredelasatisfaction.com\/wp-content\/uploads\/2017\/04\/logo_cinepanel_header-300x56.png 300w, http:\/\/www.observatoiredelasatisfaction.com\/wp-content\/uploads\/2017\/04\/logo_cinepanel_header.png 358w\" sizes=\"(max-width: 300px) 100vw, 300px\" \/><\/a><\/p>\n","protected":false},"excerpt":{"rendered":"<p>Nous r\u00e9alisons depuis notre cr\u00e9ation des tests marketing (projection-test, test online mat\u00e9riel promotionnel, test online positionnement,\u2026) pour accompagner les producteurs et les distributeurs dans les lancements de leurs films. Depuis 2015, nous les mettons en \u0153uvre via\u00a0Cin\u00e9Panel\u00ae, notre application propri\u00e9taire digitale d\u2019enqu\u00eates et d\u2019administration de questionnaires sur le cin\u00e9ma. Adoss\u00e9e \u00e0 un panel de plus &hellip; <a href=\"http:\/\/www.observatoiredelasatisfaction.com\/index.php\/cinepanel\/\" class=\"more-link\">Continuer la lecture de <span class=\"screen-reader-text\">Tests marketing de films<\/span> <span class=\"meta-nav\">&rarr;<\/span><\/a><\/p>\n","protected":false},"author":1,"featured_media":0,"parent":0,"menu_order":2,"comment_status":"closed","ping_status":"closed","template":"","meta":{"footnotes":""},"_links":{"self":[{"href":"http:\/\/www.observatoiredelasatisfaction.com\/index.php\/wp-json\/wp\/v2\/pages\/23"}],"collection":[{"href":"http:\/\/www.observatoiredelasatisfaction.com\/index.php\/wp-json\/wp\/v2\/pages"}],"about":[{"href":"http:\/\/www.observatoiredelasatisfaction.com\/index.php\/wp-json\/wp\/v2\/types\/page"}],"author":[{"embeddable":true,"href":"http:\/\/www.observatoiredelasatisfaction.com\/index.php\/wp-json\/wp\/v2\/users\/1"}],"replies":[{"embeddable":true,"href":"http:\/\/www.observatoiredelasatisfaction.com\/index.php\/wp-json\/wp\/v2\/comments?post=23"}],"version-history":[{"count":12,"href":"http:\/\/www.observatoiredelasatisfaction.com\/index.php\/wp-json\/wp\/v2\/pages\/23\/revisions"}],"predecessor-version":[{"id":313,"href":"http:\/\/www.observatoiredelasatisfaction.com\/index.php\/wp-json\/wp\/v2\/pages\/23\/revisions\/313"}],"wp:attachment":[{"href":"http:\/\/www.observatoiredelasatisfaction.com\/index.php\/wp-json\/wp\/v2\/media?parent=23"}],"curies":[{"name":"wp","href":"https:\/\/api.w.org\/{rel}","templated":true}]}}